{"id":1183,"date":"2024-02-21T11:39:39","date_gmt":"2024-02-21T10:39:39","guid":{"rendered":"https:\/\/vijaymilanmath.org\/?page_id=1183"},"modified":"2026-01-25T20:55:47","modified_gmt":"2026-01-25T19:55:47","slug":"vmc-france","status":"publish","type":"page","link":"https:\/\/vijaymilanmath.org\/fr\/vmc-france\/","title":{"rendered":"VMC FRANCE"},"content":{"rendered":"<h2>Vijay Milan Center France<\/h2>\n<p>Vijay Milan Center France is a spiritual and cultural association, founded in 2008according to the instructions of Sadguru Paramahansa&nbsp;Sr\u00ee Sr\u00ee Sw\u00e2m\u00ee Advait\u00e2nanda Saraswat\u00ee.<\/p>\n<p>The association&#8217;s aim is to contribute to the dissemination and teaching of the principles of Vedanta, whose goal is Self-Realization and Divine Love.Our lineage traces back to Sadguru&nbsp;Bhagav\u00e2n Sr\u00ee Sr\u00ee Vijay Krishna Gosw\u00e2m\u00eej\u00ee&nbsp;(1841-1899), a saint from Bengal, who received initiation from Brahmananda Paramahansa of Kailash Manasarovar. On that occasion, his Guru told him, \u201cYou are the designated Sadguru.\u201d Vijay Krishna Goswamiji is the Principle of Radha and Krishna (Radha Tattva and Krishna Tattva),<\/p>\n<p>as well as the Principle of the Guru (Guru Tattva). At the command of His Guru, He took the Sannyasa, andreceived the name Swami Achyutananda Saraswati (Achyuta means the Inseparable, the Imperishable,who is always there; and Ananda means Bliss). Vijay Krishna Goswamiji is the Sadguruwho gave initiation, the precious Sadhana of the saints and prophets, to all whorequested it, out of pure compassion. Indeed, many of His disciples are married people,who are very fortunate.<\/p>\n<h2>Activities of Vijay Milan Center France<\/h2>\n<p>IN FRANCE, under the direction of His Holiness Swami Abhedananda Saraswati:<\/p>\n<p>\u2014 Weekly meetings at Vijay Milan Center France for meditation, chanting, studying scripture texts, and discussion in good company.<\/p>\n<p>\u2014 Organization and funding of Maharaj Ji&#8217;s travels in France and around the world; in 2019, in addition to France, His Eminence also visited Southeast Asia, Australia, and the United Kingdom.<\/p>\n<p>\u2014 Planning of public talks given by Maharaj Ji at Vijay Milan Center France or other locations.<\/p>\n<p>\u2014 Transcription, translation, and distribution of the Sadguru&#8217;s teachings.<\/p>","protected":false},"excerpt":{"rendered":"<p>Vijay Milan Center France Vijay Milan Center France is a spiritual and cultural association, founded in 2008according to the instructions of Sadguru Paramahansa&nbsp;Sr\u00ee Sr\u00ee Sw\u00e2m\u00ee Advait\u00e2nanda Saraswat\u00ee. The association&#8217;s aim is to contribute to the dissemination and teaching of the principles of Vedanta, whose goal is Self-Realization and Divine Love.Our lineage traces back to Sadguru&nbsp;Bhagav\u00e2n [&hellip;]<\/p>\n","protected":false},"author":191923929,"featured_media":0,"parent":0,"menu_order":0,"comment_status":"closed","ping_status":"closed","template":"op_builder_full_width","meta":{"give_campaign_id":0,"_crdt_document":"","advanced_seo_description":"","jetpack_seo_html_title":"","jetpack_seo_noindex":false,"footnotes":""},"class_list":["post-1183","page","type-page","status-publish","hentry"],"campaignId":"","jetpack_likes_enabled":true,"jetpack_sharing_enabled":true,"jetpack_shortlink":"https:\/\/wp.me\/PdXD8x-j5","jetpack-related-posts":[],"amp_enabled":false,"_links":{"self":[{"href":"https:\/\/vijaymilanmath.org\/fr\/wp-json\/wp\/v2\/pages\/1183","targetHints":{"allow":["GET"]}}],"collection":[{"href":"https:\/\/vijaymilanmath.org\/fr\/wp-json\/wp\/v2\/pages"}],"about":[{"href":"https:\/\/vijaymilanmath.org\/fr\/wp-json\/wp\/v2\/types\/page"}],"author":[{"embeddable":true,"href":"https:\/\/vijaymilanmath.org\/fr\/wp-json\/wp\/v2\/users\/191923929"}],"replies":[{"embeddable":true,"href":"https:\/\/vijaymilanmath.org\/fr\/wp-json\/wp\/v2\/comments?post=1183"}],"version-history":[{"count":4,"href":"https:\/\/vijaymilanmath.org\/fr\/wp-json\/wp\/v2\/pages\/1183\/revisions"}],"predecessor-version":[{"id":1838,"href":"https:\/\/vijaymilanmath.org\/fr\/wp-json\/wp\/v2\/pages\/1183\/revisions\/1838"}],"wp:attachment":[{"href":"https:\/\/vijaymilanmath.org\/fr\/wp-json\/wp\/v2\/media?parent=1183"}],"curies":[{"name":"wp","href":"https:\/\/api.w.org\/{rel}","templated":true}]}}